{"id":3,"date":"2020-11-01T12:52:46","date_gmt":"2020-11-01T12:52:46","guid":{"rendered":"https:\/\/infopuls.net\/?page_id=3"},"modified":"2024-12-10T09:08:09","modified_gmt":"2024-12-10T09:08:09","slug":"politika-privatnosti","status":"publish","type":"page","link":"https:\/\/infopuls.net\/sr\/politika-privatnosti\/","title":{"rendered":"Politika privatnosti"},"content":{"rendered":"\t\t<div data-elementor-type=\"wp-page\" data-elementor-id=\"3\" class=\"elementor elementor-3\" data-elementor-post-type=\"page\">\n\t\t\t\t<div class=\"elementor-element elementor-element-7ae77486 e-flex e-con-boxed e-con e-parent\" data-id=\"7ae77486\" data-element_type=\"container\">\n\t\t\t\t\t<div class=\"e-con-inner\">\n\t\t\t\t<div class=\"elementor-element elementor-element-5921357 elementor-widget elementor-widget-heading\" data-id=\"5921357\" data-element_type=\"widget\" data-widget_type=\"heading.default\">\n\t\t\t\t<div class=\"elementor-widget-container\">\n\t\t\t<h2 class=\"elementor-heading-title elementor-size-default\">Politika privatnosti<\/h2>\t\t<\/div>\n\t\t\t\t<\/div>\n\t\t\t\t<div class=\"elementor-element elementor-element-db9a2f2 elementor-widget elementor-widget-text-editor\" data-id=\"db9a2f2\" data-element_type=\"widget\" data-widget_type=\"text-editor.default\">\n\t\t\t\t<div class=\"elementor-widget-container\">\n\t\t\t\t\t\t\t<p>InfoPuls (\u201cInfoPuls\u201d, \u201cMi\u201d, \u201cNas\u201d, \u201cNa\u0161\u201d) i bilo koja mati\u010dna, podru\u017enica ili povezana firma InfoPulsa prepoznaju zna\u010daj privatnosti.<\/p><p>InfoPuls \u0107e upravljati va\u0161im li\u010dnim podacima prikupljenim putem InfoPuls web stranica (<a href=\"http:\/\/www.infopuls.net\" target=\"_new\" rel=\"noreferrer\">www.infopuls.net<\/a>) i mobilne aplikacije InfoPuls (zajedno \u201cAplikacija\u201d) na osnovu uvjerenja InfoPulsa o po\u0161tovanju pojedinca i u skladu s ovom Politikom privatnosti.<\/p><p>KORI\u0160TENJEM FUNKCIONALNOSTI APLIKACIJE NA BILO KOJI NA\u010cIN, UKLJU\u010cUJU\u0106I REGISTRACIJU ILI KORI\u0160TENJE BILO KOJE OD USLUGA KOJE NUDI APLIKACIJA, SAGLASNI STE S InfoPuls POLITIKOM PRIVATNOSTI (\u201cPolitika privatnosti\u201d).<\/p><p>Ako se ne sla\u017eete s ovom Politikom privatnosti, molimo vas da ne dostavljate li\u010dne podatke i da ne koristite Aplikaciju.<\/p><h3>Kako Prikupljamo i Koristimo Li\u010dne Podatke<\/h3><p>Prikupljamo li\u010dne podatke o vama kako bismo pru\u017eili usluge koje Aplikacija nudi i za koje se prijavljujete. Trudimo se ograni\u010diti prikupljanje li\u010dnih podataka na ono \u0161to je neophodno za podr\u0161ku namjeravanim svrhama prikupljanja (tj. funkcionisanje Aplikacije).<\/p><h4>1.1 Li\u010dni Podaci<\/h4><p>Prikupljamo sljede\u0107e kategorije li\u010dnih podataka od vas kada komunicirate s Aplikacijom, te kada se registrujete i kreirate korisni\u010dki ra\u010dun.<\/p><p>Mo\u017eemo prikupiti tehni\u010dke informacije kao \u0161to su va\u0161a IP adresa, adresa web stranice ili aplikacije s koje ste do\u0161li, tip web pretra\u017eiva\u010da ili mobilnog ure\u0111aja koji koristite, va\u0161 operativni sistem, va\u0161 Internet provajder i putanju koju ste pro\u0161li kroz Aplikaciju. Kada kupujete usluge, prikupljamo informacije o transakciji, kao \u0161to su detalji usluga i datum kupovine\/povrata.<\/p><p>Sljede\u0107i elementi li\u010dnih podataka se prikupljaju prilikom registracije i a\u017euriraju se periodi\u010dno (po potrebi):<\/p><ul><li>Va\u0161e puno ime;<\/li><li>E-mail adresa<\/li><\/ul><h4>1.2 Kori\u0161tenje Li\u010dnih Podataka<\/h4><p>Mo\u017eete unijeti svoje kontakt informacije i profesionalnu istoriju prilikom registracije za Aplikaciju i kreiranja korisni\u010dkog ra\u010duna. Samo va\u0161e ime, slika, opis posla i lokacija su dostupni drugim korisnicima Aplikacije. Mo\u017eete odabrati prilikom svake konekcije da li \u017eelite dijeliti va\u0161 broj telefona i\/ili e-mail adresu.<\/p><p>Prikupljeni li\u010dni podaci \u0107e se koristiti samo kako bi Aplikacija ispravno funkcionisala, kako bismo mogli pru\u017eiti na\u0161e usluge i procijeniti kori\u0161tenje Aplikacije. U tom smislu, pravne osnove za obradu podataka su \u010dlan 6.1 (a), (b), i (f) Op\u0161te uredbe o za\u0161titi podataka (GDPR). To zna\u010di da se li\u010dni podaci obra\u0111uju na osnovu va\u0161eg pristanka, radi izvr\u0161enja ugovora s vama (tj. pru\u017eanja usluga Aplikacije), i na osnovu legitimnog interesa InfoPulsa, koji je pobolj\u0161anje funkcionisanja Aplikacije za svoje korisnike.<\/p><p>Tako\u0111e, imajte na umu da uvijek mo\u017eete a\u017eurirati i ure\u0111ivati svoje informacije putem Aplikacije prema svom izboru. Da biste to uradili, jednostavno pregledajte svoj profil pod svojim korisni\u010dkim ra\u010dunom i uredite informacije.<\/p><h3>Kola\u010di\u0107i i Web Beacons<\/h3><p>Kola\u010di\u0107i su mali podaci pohranjeni na tvrdom disku korisni\u010dkog ra\u010dunara. Koristimo kola\u010di\u0107e za pobolj\u0161anje web pregledavanja i optimizaciju va\u0161e posjete. U tom smislu, kola\u010di\u0107i se koriste za olak\u0161avanje surfanja na Aplikaciji, za lak\u0161u prijavu, u svrhe interne sigurnosti i administracije sistema te za prilago\u0111avanje reklama va\u0161im preferencijama.<\/p><p>Pored kola\u010di\u0107a koji nam \u0161alju informacije, tako\u0111e koristimo kola\u010di\u0107e koji prikupljaju informacije i \u0161alju ih tre\u0107im stranama koje rade u na\u0161e ime. Primjer za ovo je Google Analytics.<\/p><p>Neki od na\u0161ih kola\u010di\u0107a mogu prikupljati i pohranjivati va\u0161e li\u010dne podatke, kao \u0161to su va\u0161e ime ili e-mail adresa. Kori\u0161tenjem ove Aplikacije, pristajete na postavljanje kola\u010di\u0107a na va\u0161 ra\u010dunar i na pristup InfoPulsa kola\u010di\u0107ima u skladu s ovim uslovima. Ako ne \u017eelite prihvatiti kola\u010di\u0107e s Aplikacije, molimo vas da ili onemogu\u0107ite kola\u010di\u0107e ili da ne koristite Aplikaciju.<\/p><p>Tako\u0111e mo\u017eemo koristiti web beacons. Web beacons nam omogu\u0107uju da shvatimo je li odre\u0111ena stranica Aplikacije posje\u0107ena ili je li e-mail otvoren ili su reklamni baneri na drugim Aplikacijama bili efikasni.<\/p><p>Ve\u0107ina web pretra\u017eiva\u010da je pode\u0161ena da prihvata kola\u010di\u0107e prema zadanim postavkama. Ako \u017eelite, mo\u017eete podesiti va\u0161 pretra\u017eiva\u010d da uklanja ili odbija kola\u010di\u0107e, ali imajte na umu da to ne mora nu\u017eno uticati na kola\u010di\u0107e tre\u0107ih strana kori\u0161tene u vezi s na\u0161om Aplikacijom. Za vi\u0161e informacija o onemogu\u0107avanju kola\u010di\u0107a, pogledajte <a href=\"http:\/\/www.adobe.com\/products\/flashplayer\/security\" target=\"_new\" rel=\"noreferrer\">www.adobe.com\/products\/flashplayer\/security<\/a>. Imajte na umu da ako odlu\u010dite ukloniti ili odbiti kola\u010di\u0107e, to mo\u017ee uticati na dostupnost i funkcionalnost Aplikacije i mo\u017eda ne\u0107ete mo\u0107i pristupiti ili koristiti neke ili sve oblasti i funkcionalnosti Aplikacije.<\/p><h3>Kako Pohranjujemo Va\u0161e Informacije<\/h3><p>Li\u010dni podaci \u0107e biti pohranjeni sve dok nastavljate koristiti Aplikaciju. Ako Aplikacija ostane neaktivna 2 godine ili na Va\u0161 zahtjev, mi \u0107emo ugasiti korisni\u010dki ra\u010dun.<\/p><p>Nakon toga, arhivirat \u0107emo sve podatke o prethodnoj upotrebi Aplikacije na period od 10 godina. Ovi podaci se \u010duvaju samo u svrhe dokazivanja i ne\u0107e se koristiti u druge svrhe.<\/p><p>Imajte na umu da mo\u017eete deaktivirati bilo koje podatke o lokaciji dok koristite Aplikaciju; takvi podaci o lokaciji ne\u0107e biti pohranjeni, ve\u0107 samo odr\u017eavani koliko je potrebno da se pru\u017eaju usluge putem Aplikacije i zatim odmah izbrisani.<\/p><h3>Usluge Ogla\u0161avanja i Analitike<\/h3><p>Anga\u017eujemo tre\u0107e strane da poslu\u017euju reklame u na\u0161e ime \u0161irom interneta i da pru\u017eaju usluge analitike o u\u010dinku tih reklama. Ovi subjekti mogu koristiti kola\u010di\u0107e, web beacons i druge tehnologije za prikupljanje informacija o va\u0161em kori\u0161tenju na\u0161e Aplikacije i drugih Aplikacija, kao \u0161to su va\u0161a IP adresa, web pretra\u017eiva\u010d, stranice koje ste pregledali, vrijeme provedeno na stranicama, datum i vrijeme svake posjete, upu\u0107uju\u0107i sajt, tip pretra\u017eiva\u010da, jezi\u010dke postavke, kliknute linkove i informacije o konverziji. Informacije mogu biti kori\u0161tene od nas i drugih da, izme\u0111u ostalog, analiziraju i prate podatke, odre\u0111uju popularnost odre\u0111enog sadr\u017eaja, dostavljaju reklame i sadr\u017eaj prilago\u0111en va\u0161im interesima na na\u0161oj Aplikaciji i drugim Aplikacijama i bolje razumiju va\u0161u online aktivnost. Tako\u0111e mo\u017eemo sara\u0111ivati s tre\u0107im stranama da vam poslu\u017eujemo reklame kao dio prilago\u0111ene kampanje na drugim Aplikacijama ili platformama.<\/p><p>Pored toga, mnogi web pretra\u017eiva\u010di podr\u017eavaju tehnologiju Do Not Track. Na\u0161i sistemi ne odgovaraju na Do Not Track signale. Ipak, ako omogu\u0107ite Do Not Track i na\u0161i sistemi to prepoznaju, InfoPuls ne\u0107e koristiti informacije o va\u0161im aktivnostima pregleda na webu kako bi prilagodio va\u0161e online iskustvo na Aplikaciji. Imajte na umu, me\u0111utim, da na\u0161i tre\u0107i provajderi ogla\u0161avanja mogu nastaviti koristiti informacije o va\u0161im aktivnostima pregleda na webu kako bi prilagodili reklame va\u0161im interesima na razli\u010ditim Aplikacijama \u010dak i kada ste omogu\u0107ili Do Not Track u va\u0161em pretra\u017eiva\u010du. Za vi\u0161e informacija o internet reklamama, ili da biste se isklju\u010dili iz kori\u0161tenja va\u0161ih informacija za bihevioralno ogla\u0161avanje, molimo posjetite <a href=\"http:\/\/www.networkadvertising.org\/managing\/opt_out.asp\" target=\"_new\" rel=\"noreferrer\">www.networkadvertising.org\/managing\/opt_out.asp<\/a> i <a href=\"http:\/\/www.aboutads.info\/choices\" target=\"_new\" rel=\"noreferrer\">www.aboutads.info\/choices<\/a>.<\/p><h3>S Kim Dijelimo Podatke<\/h3><p>InfoPuls ne prodaje niti iznajmljuje va\u0161e li\u010dne podatke tre\u0107im stranama. Li\u010dne informacije \u0107emo otkriti samo uz va\u0161u prethodnu saglasnost, kako je navedeno u ovoj Politici privatnosti, ili kako to zakon zahtijeva.<\/p><p>Putem usluga koje pru\u017ea Aplikacija, odre\u0111eni elementi va\u0161ih li\u010dnih podataka se dijele s drugim korisnicima Aplikacije. Li\u010dni podaci va\u0161eg javnog profila su odmah dostupni svim korisnicima, a va\u0161i direktni kontakt podaci se dijele s drugim korisnicima uz va\u0161u saglasnost.<\/p><p>Mo\u017eemo otkriti li\u010dne podatke tre\u0107im pridru\u017eenim subjektima i pru\u017eaocima usluga koji obra\u0111uju podatke u na\u0161e ime. Kada to radimo, osiguravamo da su va\u0161i li\u010dni podaci za\u0161ti\u0107eni i da su va\u0161a prava po\u0161tovana. Primjeri su kompanije za dostavu, prodava\u010di, kompanije za obradu pla\u0107anja, provajderi usluga pla\u0107anja kao \u0161to je PayPal, partneri financijskih institucija, provajderi za hosting i odr\u017eavanje, provajderi za pohranu i upravljanje podacima, provajderi za marketing i promociju, provajderi usluga za slanje emailova i sms notifikacija.<\/p><p>Mo\u017eemo prenijeti bilo koju informaciju koju imamo o vama u vezi sa spajanjem ili prodajom (uklju\u010duju\u0107i transfere napravljene kao dio postupka insolventnosti ili bankrotstva) koja uklju\u010duje cijeli ili dio InfoPulsa ili kao dio korporativne reorganizacije ili druge promjene u korporativnoj kontroli.<\/p><p>Mo\u017eemo dalje otkriti va\u0161e informacije tre\u0107im stranama u drugim posebnim okolnostima, naime (a) za sprovo\u0111enje Uslova kori\u0161tenja; (b) za odgovaranje na tvrdnje da bilo koji sadr\u017eaj kr\u0161i prava tre\u0107ih strana; (c) za za\u0161titu sigurnosti, imovine ili drugih prava InfoPulsa, InfoPuls korisnika, saradnika ili bilo koje druge osobe; ili (d) gdje to zakon zahtijeva. Primjeri uklju\u010duju za\u0161titu zdravlja ili sigurnosti korisnika, ili rje\u0161avanje zlo\u010dina po\u010dinjenih na Aplikaciji. InfoPuls mo\u017ee dostaviti va\u0161e li\u010dne podatke kao odgovor na nalog za pretragu, poziv na sud ili drugi pravno valjan zahtjev ili naredbu, ili kako to zakon zahtijeva.<\/p><h3>Me\u0111unarodni Transferi<\/h3><p>Va\u0161i li\u010dni podaci mogu biti preneseni izvan EEA.<\/p><p>Pri tome osiguravamo adekvatnu za\u0161titu va\u0161ih li\u010dnih podataka kroz kori\u0161tenje standardnih klauzula o za\u0161titi podataka koje je usvojila Komisija.<\/p><h3>Va\u0161a Prava<\/h3><p>Kao subjekt podataka imate nekoliko prava u vezi s va\u0161im li\u010dnim podacima.<\/p><p>Imate pravo pristupa va\u0161im li\u010dnim podacima i pravo da se isprave i\/ili dopune neta\u010dni ili nepotpuni podaci. Pod odre\u0111enim uslovima, imate pravo da se va\u0161i li\u010dni podaci izbri\u0161u, dobijete ograni\u010denje obrade podataka i\/ili se usprotivite obradi podataka u cjelini.<\/p><p>Mo\u017eete povu\u0107i svoj pristanak za dijeljenje informacija s drugim korisnicima u bilo kojem trenutku, te \u0107e ti podaci biti blokirani za budu\u0107u upotrebu\/konzultaciju od strane drugih korisnika. Me\u0111utim, to ne\u0107e uticati na zakonitost prethodnih aktivnosti provedenih na osnovu va\u0161eg pristanka (tj. po\u010detno dijeljenje informacija).<\/p><p>Tako\u0111e, kao subjekt podataka mo\u017eete zahtijevati da primite svoje li\u010dne podatke u \u010ditljivom formatu koji se mo\u017ee lako prenijeti tre\u0107em kontroloru.<\/p><p>Da biste ostvarili bilo koje od ovih prava, molimo vas da nas kontaktirate.<\/p><h3>Kako Osiguravamo Va\u0161e Informacije<\/h3><p>Osiguranje va\u0161ih informacija je va\u017eno za InfoPuls. Odr\u017eavamo fizi\u010dke, elektronske i proceduralne za\u0161titne mjere za za\u0161titu povjerljivosti i sigurnosti informacija koje nam se prenose. U tom smislu, \u0161ifriramo podatke tokom prenosa i komunikacije izme\u0111u korisnika.<\/p><p>Me\u0111utim, nijedan prenos podataka preko interneta ili druge mre\u017ee ne mo\u017ee biti garantovan kao 100% siguran. Kao rezultat, iako se trudimo za\u0161tititi informacije prenesene putem Aplikacije, ne mo\u017eemo i ne garantujemo sigurnost bilo koje informacije koju prenosite putem Aplikacije, te to radite na vlastiti rizik.<\/p><p>InfoPuls ra\u010duni zahtijevaju korisni\u010dko ime i lozinku za prijavu. Morate \u010duvati svoje korisni\u010dko ime i lozinku sigurno, i nikada ih ne otkrivati tre\u0107oj strani. Zbog osjetljivosti informacija u va\u0161em ra\u010dunu, lozinke ra\u010duna su \u0161ifrirane, \u0161to zna\u010di da ne mo\u017eemo vidjeti va\u0161e lozinke. Ne mo\u017eemo ponovo poslati zaboravljene lozinke. Mi \u0107emo ih samo resetovati.<\/p><h3>Privatnost Djece na Internetu<\/h3><p>Predani smo za\u0161titi online privatnosti djece. Kako bismo za\u0161titili privatnost djece, InfoPuls ne prikuplja svjesno li\u010dne podatke od djece mla\u0111e od 18 godina. U tom smislu, tra\u017eimo da potvrdite da imate preko 18 godina prilikom registracije korisni\u010dkog ra\u010duna.<\/p><p>Ako postanemo svjesni da smo nehotice primili li\u010dne podatke od djeteta mla\u0111eg od 18 godina, izbrisat \u0107emo takve informacije iz na\u0161ih zapisa.<\/p><h3>OGRANI\u010cENJE ODGOVORNOSTI<\/h3><p>OSIM GDJE JE ZAKONOM ZABRANJENO, POD NIKAKVIM OKOLNOSTIMA InfoPuls NE\u0106E BITI ODGOVORAN ZA DIREKTNU, INDIREKTNU, SLU\u010cAJNU, POSEBNU, POSLJEDI\u010cNU ILI PRIMJERNU \u0160TETU (\u010cAK I AKO JE InfoPuls BIO OBAVIJE\u0160TEN O MOGU\u0106NOSTI TAKVE \u0160TETE), KOJA NASTAJE IZ BILO KOJEG ASPEKTA KORI\u0160TENJA LI\u010cNIH PODATAKA TRE\u0106E STRANE (UKLJU\u010cUJU\u0106I KORI\u0160TENJE PODATAKA DRUGOG KORISNIKA) ILI InfoPuls-a. OVA OGRANI\u010cENJA PRIMJENJUJU SE U NAJVE\u0106OJ MJERI DOZVOLJENOJ ZAKONOM. U NEKIM JURISDIKCIJAMA, NEKA OD GORE NAVEDENIH OGRANI\u010cENJA SE MOGU NE PRIMJENJIVATI.<\/p><h3>Linkovi na Druge Aplikacije<\/h3><p>Na\u0161a Aplikacija mo\u017ee sadr\u017eavati linkove na druge aplikacije ili web stranice. Link na aplikaciju ili web stranicu tre\u0107e strane ne zna\u010di da ih podr\u017eavamo ili da smo povezani s njima. Ne vr\u0161imo kontrolu nad aplikacijama ili web stranicama tre\u0107ih strana. Pristupate takvim aplikacijama ili sadr\u017eaju tre\u0107ih strana na vlastiti rizik. Uvijek trebate pro\u010ditati politiku privatnosti tre\u0107e strane prije pru\u017eanja bilo kakvih informacija aplikaciji.<\/p><h3>Promjene Politike Privatnosti<\/h3><p>InfoPuls mo\u017ee povremeno mijenjati Politiku privatnosti. Obavijestit \u0107emo vas objavljivanjem revidirane Politike privatnosti na Aplikaciji. Molimo vas da periodi\u010dno provjeravate na\u0161u Politiku privatnosti za promjene. Datum kada je Politika privatnosti zadnji put a\u017eurirana bit \u0107e objavljen na vrhu Politike privatnosti. Promjene \u0107e stupiti na snagu na \u201cDatum posljednjeg a\u017euriranja\u201d prikazan u revidiranoj Politici privatnosti. Nastavkom kori\u0161tenja Aplikacije, pristajete na revidiranu Politiku privatnosti.<\/p><h3>Kontaktirajte Nas<\/h3><p>Ako imate bilo kakva pitanja o ovoj Politici privatnosti, molimo vas da nas <a href=\"https:\/\/infopuls.net\/kontakt\/\">kontaktirate<\/a>.<\/p>\t\t\t\t\t\t<\/div>\n\t\t\t\t<\/div>\n\t\t\t\t\t<\/div>\n\t\t\t\t<\/div>\n\t\t\t\t<\/div>\n\t\t","protected":false},"excerpt":{"rendered":"<p>Politika privatnosti InfoPuls (\u201cInfoPuls\u201d, \u201cMi\u201d, \u201cNas\u201d, \u201cNa\u0161\u201d) i bilo koja mati\u010dna, podru\u017enica ili povezana firma InfoPulsa prepoznaju zna\u010daj privatnosti. InfoPuls \u0107e upravljati va\u0161im li\u010dnim podacima prikupljenim putem InfoPuls web stranica (www.infopuls.net) i mobilne aplikacije InfoPuls (zajedno \u201cAplikacija\u201d) na osnovu uvjerenja InfoPulsa o po\u0161tovanju pojedinca i u skladu s ovom Politikom<span class=\"excerpt-hellip\"> [\u2026]<\/span><\/p>\n","protected":false},"author":1,"featured_media":0,"parent":0,"menu_order":0,"comment_status":"open","ping_status":"closed","template":"","meta":{"_acf_changed":false,"footnotes":""},"class_list":["post-3","page","type-page","status-publish","hentry"],"acf":[],"yoast_head":"<!-- This site is optimized with the Yoast SEO plugin v24.0 - https:\/\/yoast.com\/wordpress\/plugins\/seo\/ -->\n<title>Politika privatnosti | InfoPuls Modern Software Apps<\/title>\n<meta name=\"description\" content=\"Infoplus je kompanija - pionir u podru\u010dju totalnih web rje\u0161enja koja online poslovanje \u010dini jednostavnim i strate\u0161ki orijentisanim.\" \/>\n<meta name=\"robots\" content=\"noindex, nofollow\" \/>\n<meta property=\"og:locale\" content=\"sr_RS\" \/>\n<meta property=\"og:type\" content=\"article\" \/>\n<meta property=\"og:title\" content=\"Politika privatnosti | InfoPuls Modern Software Apps\" \/>\n<meta property=\"og:description\" content=\"Infoplus je kompanija - pionir u podru\u010dju totalnih web rje\u0161enja koja online poslovanje \u010dini jednostavnim i strate\u0161ki orijentisanim.\" \/>\n<meta property=\"og:url\" content=\"https:\/\/infopuls.net\/sr\/politika-privatnosti\/\" \/>\n<meta property=\"og:site_name\" content=\"InfoPuls\" \/>\n<meta property=\"article:publisher\" content=\"https:\/\/www.facebook.com\/Infopulsbl\/\" \/>\n<meta property=\"article:modified_time\" content=\"2024-12-10T09:08:09+00:00\" \/>\n<meta name=\"twitter:card\" content=\"summary_large_image\" \/>\n<meta name=\"twitter:label1\" content=\"\u041f\u0440\u043e\u0446\u0435\u045a\u0435\u043d\u043e \u0432\u0440\u0435\u043c\u0435 \u0447\u0438\u0442\u0430\u045a\u0430\" \/>\n\t<meta name=\"twitter:data1\" content=\"9 \u043c\u0438\u043d\u0443\u0442\u0430\" \/>\n<script type=\"application\/ld+json\" class=\"yoast-schema-graph\">{\"@context\":\"https:\/\/schema.org\",\"@graph\":[{\"@type\":\"WebPage\",\"@id\":\"https:\/\/infopuls.net\/politika-privatnosti\/\",\"url\":\"https:\/\/infopuls.net\/politika-privatnosti\/\",\"name\":\"Politika privatnosti | InfoPuls Modern Software Apps\",\"isPartOf\":{\"@id\":\"https:\/\/infopuls.net\/#website\"},\"datePublished\":\"2020-11-01T12:52:46+00:00\",\"dateModified\":\"2024-12-10T09:08:09+00:00\",\"description\":\"Infoplus je kompanija - pionir u podru\u010dju totalnih web rje\u0161enja koja online poslovanje \u010dini jednostavnim i strate\u0161ki orijentisanim.\",\"inLanguage\":\"sr-RS\",\"potentialAction\":[{\"@type\":\"ReadAction\",\"target\":[\"https:\/\/infopuls.net\/politika-privatnosti\/\"]}]},{\"@type\":\"WebSite\",\"@id\":\"https:\/\/infopuls.net\/#website\",\"url\":\"https:\/\/infopuls.net\/\",\"name\":\"InfoPuls\",\"description\":\"Modern Software Apps\",\"publisher\":{\"@id\":\"https:\/\/infopuls.net\/#organization\"},\"potentialAction\":[{\"@type\":\"SearchAction\",\"target\":{\"@type\":\"EntryPoint\",\"urlTemplate\":\"https:\/\/infopuls.net\/?s={search_term_string}\"},\"query-input\":{\"@type\":\"PropertyValueSpecification\",\"valueRequired\":true,\"valueName\":\"search_term_string\"}}],\"inLanguage\":\"sr-RS\"},{\"@type\":\"Organization\",\"@id\":\"https:\/\/infopuls.net\/#organization\",\"name\":\"InfoPuls\",\"alternateName\":\"InfoPuls\",\"url\":\"https:\/\/infopuls.net\/\",\"logo\":{\"@type\":\"ImageObject\",\"inLanguage\":\"sr-RS\",\"@id\":\"https:\/\/infopuls.net\/#\/schema\/logo\/image\/\",\"url\":\"https:\/\/infopuls.net\/wp-content\/uploads\/2024\/04\/InfoPuls.svg\",\"contentUrl\":\"https:\/\/infopuls.net\/wp-content\/uploads\/2024\/04\/InfoPuls.svg\",\"width\":100,\"height\":100,\"caption\":\"InfoPuls\"},\"image\":{\"@id\":\"https:\/\/infopuls.net\/#\/schema\/logo\/image\/\"},\"sameAs\":[\"https:\/\/www.facebook.com\/Infopulsbl\/\"]}]}<\/script>\n<!-- \/ Yoast SEO plugin. -->","yoast_head_json":{"title":"Politika privatnosti | InfoPuls Modern Software Apps","description":"Infoplus je kompanija - pionir u podru\u010dju totalnih web rje\u0161enja koja online poslovanje \u010dini jednostavnim i strate\u0161ki orijentisanim.","robots":{"index":"noindex","follow":"nofollow"},"og_locale":"sr_RS","og_type":"article","og_title":"Politika privatnosti | InfoPuls Modern Software Apps","og_description":"Infoplus je kompanija - pionir u podru\u010dju totalnih web rje\u0161enja koja online poslovanje \u010dini jednostavnim i strate\u0161ki orijentisanim.","og_url":"https:\/\/infopuls.net\/sr\/politika-privatnosti\/","og_site_name":"InfoPuls","article_publisher":"https:\/\/www.facebook.com\/Infopulsbl\/","article_modified_time":"2024-12-10T09:08:09+00:00","twitter_card":"summary_large_image","twitter_misc":{"\u041f\u0440\u043e\u0446\u0435\u045a\u0435\u043d\u043e \u0432\u0440\u0435\u043c\u0435 \u0447\u0438\u0442\u0430\u045a\u0430":"9 \u043c\u0438\u043d\u0443\u0442\u0430"},"schema":{"@context":"https:\/\/schema.org","@graph":[{"@type":"WebPage","@id":"https:\/\/infopuls.net\/politika-privatnosti\/","url":"https:\/\/infopuls.net\/politika-privatnosti\/","name":"Politika privatnosti | InfoPuls Modern Software Apps","isPartOf":{"@id":"https:\/\/infopuls.net\/#website"},"datePublished":"2020-11-01T12:52:46+00:00","dateModified":"2024-12-10T09:08:09+00:00","description":"Infoplus je kompanija - pionir u podru\u010dju totalnih web rje\u0161enja koja online poslovanje \u010dini jednostavnim i strate\u0161ki orijentisanim.","inLanguage":"sr-RS","potentialAction":[{"@type":"ReadAction","target":["https:\/\/infopuls.net\/politika-privatnosti\/"]}]},{"@type":"WebSite","@id":"https:\/\/infopuls.net\/#website","url":"https:\/\/infopuls.net\/","name":"InfoPuls","description":"Modern Software Apps","publisher":{"@id":"https:\/\/infopuls.net\/#organization"},"potentialAction":[{"@type":"SearchAction","target":{"@type":"EntryPoint","urlTemplate":"https:\/\/infopuls.net\/?s={search_term_string}"},"query-input":{"@type":"PropertyValueSpecification","valueRequired":true,"valueName":"search_term_string"}}],"inLanguage":"sr-RS"},{"@type":"Organization","@id":"https:\/\/infopuls.net\/#organization","name":"InfoPuls","alternateName":"InfoPuls","url":"https:\/\/infopuls.net\/","logo":{"@type":"ImageObject","inLanguage":"sr-RS","@id":"https:\/\/infopuls.net\/#\/schema\/logo\/image\/","url":"https:\/\/infopuls.net\/wp-content\/uploads\/2024\/04\/InfoPuls.svg","contentUrl":"https:\/\/infopuls.net\/wp-content\/uploads\/2024\/04\/InfoPuls.svg","width":100,"height":100,"caption":"InfoPuls"},"image":{"@id":"https:\/\/infopuls.net\/#\/schema\/logo\/image\/"},"sameAs":["https:\/\/www.facebook.com\/Infopulsbl\/"]}]}},"_links":{"self":[{"href":"https:\/\/infopuls.net\/sr\/wp-json\/wp\/v2\/pages\/3","targetHints":{"allow":["GET"]}}],"collection":[{"href":"https:\/\/infopuls.net\/sr\/wp-json\/wp\/v2\/pages"}],"about":[{"href":"https:\/\/infopuls.net\/sr\/wp-json\/wp\/v2\/types\/page"}],"author":[{"embeddable":true,"href":"https:\/\/infopuls.net\/sr\/wp-json\/wp\/v2\/users\/1"}],"replies":[{"embeddable":true,"href":"https:\/\/infopuls.net\/sr\/wp-json\/wp\/v2\/comments?post=3"}],"version-history":[{"count":28,"href":"https:\/\/infopuls.net\/sr\/wp-json\/wp\/v2\/pages\/3\/revisions"}],"predecessor-version":[{"id":5076,"href":"https:\/\/infopuls.net\/sr\/wp-json\/wp\/v2\/pages\/3\/revisions\/5076"}],"wp:attachment":[{"href":"https:\/\/infopuls.net\/sr\/wp-json\/wp\/v2\/media?parent=3"}],"curies":[{"name":"wp","href":"https:\/\/api.w.org\/{rel}","templated":true}]}}