{"id":3,"date":"2020-11-01T12:52:46","date_gmt":"2020-11-01T12:52:46","guid":{"rendered":"https:\/\/infopuls.net\/?page_id=3"},"modified":"2024-12-10T09:08:09","modified_gmt":"2024-12-10T09:08:09","slug":"politika-privatnosti","status":"publish","type":"page","link":"https:\/\/infopuls.net\/en\/politika-privatnosti\/","title":{"rendered":"Privacy Policy"},"content":{"rendered":"<div data-elementor-type=\"wp-page\" data-elementor-id=\"3\" class=\"elementor elementor-3\" data-elementor-post-type=\"page\">\n\t\t\t\t<div class=\"elementor-element elementor-element-7ae77486 e-flex e-con-boxed e-con e-parent\" data-id=\"7ae77486\" data-element_type=\"container\">\n\t\t\t\t\t<div class=\"e-con-inner\">\n\t\t\t\t<div class=\"elementor-element elementor-element-5921357 elementor-widget elementor-widget-heading\" data-id=\"5921357\" data-element_type=\"widget\" data-widget_type=\"heading.default\">\n\t\t\t\t<div class=\"elementor-widget-container\">\n\t\t\t<h2 class=\"elementor-heading-title elementor-size-default\">Privacy Policy<\/h2>\t\t<\/div>\n\t\t\t\t<\/div>\n\t\t\t\t<div class=\"elementor-element elementor-element-db9a2f2 elementor-widget elementor-widget-text-editor\" data-id=\"db9a2f2\" data-element_type=\"widget\" data-widget_type=\"text-editor.default\">\n\t\t\t\t<div class=\"elementor-widget-container\">\n\t\t\t\t\t\t\t<p>InfoPuls (\u201cInfoPuls\u201d, \u201cWe\u201d, \u201cUs\u201d, \u201cOur\u201d) and any and all parent, subsidiary or associate company of InfoPuls recognize the importance of privacy.\u00a0<\/p><p>InfoPuls will manage your personal information collected through the InfoPuls websites (<a href=\"https:\/\/infopuls.net\/en\/\" target=\"_new\" rel=\"noreferrer\">www.infopuls.net<\/a>) and the mobile application InfoPuls (collectively \u201cApplication\u201d) based on InfoPuls belief of respect for the individual and in accordance with this Privacy Policy.\u00a0<\/p><p>BY USING THE APPLICATION\u2019S FUNCTIONNALTIES IN ANY WAY, INCLUDING NAMELY REGISTERING FOR OR USING ANY OF THE SERVICES PROVIDED THROUGH THE APPLICATION, YOU AGREE TO THE InfoPuls PRIVACY POLICY (\u201cPrivacy Policy\u201d).\u00a0<\/p><p>If you do not agree with this Privacy Policy, please do not provide personal data and please do not use the Application.\u00a0<\/p><h3>How We Collect and Use Personal Data\u00a0<\/h3><p>We collect personal data about you in order to provide the services the Application offers and for which you sign-up. We try to limit the personal data collected as much as possible to that which is necessary to support the intended purposes of collection (i.e. the functioning of the Application).\u00a0<\/p><h4>1.1 Personal Data\u00a0<\/h4><p>We collect the following categories of personal data from you when you interact with the Application, and when you register and create a user account.\u00a0<\/p><p>We may collect technical information such as your IP address, the address of a referring website or application, the type of web browser or mobile device you use, your operating system, your Internet Service Provider and the path you take through the Application. When you purchase services, we collect information about the transaction, such as services details and the date of the purchase\/return.<\/p><p>The following elements of personal data are collected when registering and updated at periodic intervals (as the case may be):<\/p><ul><li>Your full name;\u00a0<\/li><li>E-mail address<\/li><\/ul><h4>1.2 Use of Personal Data\u00a0<\/h4><p>You may fill in your contact information and professional history when registering for the Application and creating a user account. Only your name, picture, job description and location are available to other users of the Application. You may choose upon every connection you make, whether or not to share your telephone number and\/or e-mail address.\u00a0<\/p><p>The personal data collected will only be used to allow the Application to work correctly, to allow us to provide our services and to evaluate the use of the Application. In this respect, the legal bases to data processing are article 6.1 (a), (b), and (f) of the General Data Protection Regulation (GDPR). This means that personal data are processed on the basis of your consent, in order to carry-out a contract with you (i.e. providing the services of the Application), and on the basis of InfoPuls\u2019s legitimate interest, which is to improve the functioning of the Application for its users.\u00a0<\/p><p>Furthermore, please remember you can always update and edit your information through the Application at your choosing. To do so, simply consult your profile under your user account and edit the information.\u00a0<\/p><h3>Cookies and Web Beacons\u00a0<\/h3><p>Cookies are small data files stored on the hard disk of the users\u2019 computer. We use cookies to enhance web browsing and to optimize your visit. In this respect, cookies are used to offer easier surfing on the Application, to make login easier, for internal security purposes, and system administration to tailor advertisements to your preferences.<\/p><p>In addition to cookies which send information to us, we also use cookies which collect information and send it to third parties working on our behalf. An example of this is Google Analytics.\u00a0<\/p><p>Some of our cookies may collect and store your personal information, such as your name or email address. By using this Application, you agree to the placement of cookies on your computer and to InfoPuls\u2019s access to cookies in accordance with the terms herein. If you do not wish to accept cookies from the Application please either disable cookies or refrain from using the Application.\u00a0<\/p><p>We may also use web beacons. Web beacons allow us to understand if a certain page of the Application was visited or if an email was opened or if advertising banners on other Applications were effective.\u00a0<\/p><p>Most web browsers are set to accept cookies by default. If you prefer, you can set your browser to remove or reject cookies, but note that doing so does not necessarily affect third party flash cookies used in conjunction with our Application. For more information about disabling flash cookies, see <a href=\"http:\/\/www.adobe.com\/products\/flashplayer\/security\" target=\"_new\" rel=\"noreferrer\">www.adobe.com\/products\/flashplayer\/security<\/a>Please note that if you choose to remove or reject cookies, this could affect the availability and functionality of the Application and you may not be able to access or use some or all areas and functionalities of the Application.\u00a0<\/p><h3>How We Store Your Information\u00a0<\/h3><p>The personal data will be stored as long as you continue to use the Application. Should the Application remain inactive for 2 years or upon Your request, we will terminate the user account.\u00a0<\/p><p>Thereafter, we will archive any data on previous use of the Application for a period of 10 years. This data is kept only for evidentiary purposes and will not be used for any other purpose.\u00a0<\/p><p>Please note, that You can deactivate any location data as you are using the Application, such location data will not be stored, but only maintained as necessary to provide services through the Application and then immediately erased.\u00a0<\/p><h3>Advertising and Analytics Services\u00a0<\/h3><p>We engage third parties to serve advertisements on our behalf across the Internet and to provide analytics services about the performance of those advertisements. These entities may use cookies, web beacons and other technologies to collect information about your use of our Application and other Applications, such as your IP address, web browser, pages viewed, time spent on pages, date and time of each visitor request, referring site, browser type, language preference, links clicked and conversion information. The information may be used by us and others to, among other things, analyse and track data, determine the popularity of certain content, deliver advertising and content targeted to your interests on our Application and other Applications and better understand your online activity. We may also work with third parties to serve ads to you as part of a customized campaign on other Applications or platforms.<\/p><p>In addition, many web browsers support Do Not Track technology. Our systems do not respond to Do Not Track signals. Nonetheless, if you enable Do Not Track and it is recognized by our systems, InfoPuls will not use information about your web viewing activities to tailor your online experience on the Application. Note, however, that our third-party advertising providers may continue to use information about your web viewing activities to tailor advertising to your interests across different Applications even when you have Do Not Track enabled in your browser. For more information about Internet-based ads, or to opt out of having your web browsing information used for behavioural advertising purposes, please visit <a href=\"http:\/\/www.networkadvertising.org\/managing\/opt_out.asp\" target=\"_new\" rel=\"noreferrer\">www.networkadvertising.org\/managing\/opt_out.asp<\/a> and <a href=\"http:\/\/www.aboutads.info\/choices\" target=\"_new\" rel=\"noreferrer\">www.aboutads.info\/choices<\/a>.<\/p><h3>With Whom We Share Data\u00a0<\/h3><p>InfoPuls does not sell or rent your personal data to any third parties whatsoever. We will only disclose your personal information with your prior consent, as provided in this Privacy Policy, or as required by law.\u00a0<\/p><p>Through the services provided by the Application certain elements of your personal data are shared with other users of the Application. The personal data of your public profile are immediately available to all users and your direct contact details are only shared with other users with your consent.\u00a0<\/p><p>We may disclose personal data with third party affiliates and service providers that process the data on our behalf. When doing so, we ensure that Your personal data is safeguarded and your rights respected. Examples are shipping companies, vendors, payment companies, credit card processors and other payment service providers such as PayPal, financial institution partners, hosting and maintenance providers, data storage and management providers, marketing and promotional providers, service providers sending emails and sms notifications.\u00a0<\/p><p>We may transfer any information we have about you in connection with a merger or sale (including transfers made as part of insolvency or bankruptcy proceedings) involving all or part of InfoPuls or as part of a corporate reorganization or other change in corporate control.\u00a0<\/p><p>We may further disclose your information to third-parties in other special circumstances, namely (a) to enforce the Terms of Use; (b) to respond to claims that any content violates the rights of third parties; (c) to protect the safety, property, or other rights of InfoPuls, InfoPuls customers, associates, or any other person; or (d) where otherwise required by law. Examples include protecting the health or safety of customers, or addressing crimes committed on the Application. InfoPuls may provide your personal data in response to a search warrant, subpoena or other legally valid inquiry or order, or as otherwise required by applicable law.\u00a0<\/p><h3>International Transfers\u00a0<\/h3><p>Your personal data may be transferred outside of the EEA.<\/p><p>In doing so, we ensure the adequate protection of your personal data through the use of standard data protection clauses adopted by the Commission.\u00a0<\/p><h3>Your Rights\u00a0<\/h3><p>As data subject you have a number of rights with respect to your personal data.\u00a0<\/p><p>You have the right to access your personal data and have any inaccurate or incomplete data rectified and\/or completed. Under certain conditions, you have the right to have your personal data erased, obtain the restriction of data processing and\/or object to it all together.<\/p><p>You can withdraw your consent to share information with other users at any time, consequently, that data will be blocked to any future use\/consultation by the other user. However, this will not however affect the lawfulness of previous activities carried-out on the basis of your consent (i.e. initial sharing of the information).\u00a0<\/p><p>Furthermore, as data subject you can request to receive your personal data in a readable format that can be easily transmitted to a third-party controller.<\/p><p>To enact any of these rights please contact us.\u00a0<\/p><h3>How We Secure Your Information<\/h3><p>Securing your information is important to InfoPuls. We maintain physical, electronic, and procedural safeguards to protect the confidentiality and security of information transmitted to us. In this respect, we encrypt data during transmission and communication between users.\u00a0<\/p><p>However, no data transmission over the Internet or other network can be guaranteed to be 100% secure. As a result, while we strive to protect information transmitted on or through the Application, we cannot and do not guarantee the security of any information you transmit on or through the Application, and you do so at your own risk.\u00a0<\/p><p>InfoPuls accounts require a username and password to log in. You must keep your username and password secure, and never disclose it to a third party. Because the information in your is sensitive, account passwords are encrypted, which means we can\u2019t see your passwords. We can\u2019t resend forgotten passwords either. We\u2019ll only reset them<\/p><h3>Privacy of Children Online\u00a0<\/h3><p>We are committed to protecting children's online privacy. In order to protect the privacy of children, InfoPuls does not knowingly collect personal information from children under the age of 18. In this regard, we request that You declare that you are over 18 years of age when registering for an user account.<\/p><p>If we become aware that we have inadvertently received personal information from a child under the age of 18, we will delete such information from our records.\u00a0<\/p><h3>LIMITATION OF LIABILITY<\/h3><p>EXCEPT WHERE PROHIBITED BY LAW, UNDER NO CIRCUMSTANCES SHALL InfoPuls BE LIABLE FOR DIRECT, INDIRECT, INCIDENTAL, SPECIAL, CONSEQUENTIAL OR EXEMPLARY DAMAGES (EVEN IF InfoPuls HAS BEEN ADVISED OF THE POSSIBILITY OF SUCH DAMAGES), RESULTING FROM ANY ASPECT OF A THIRD PARTY\u2019S (INCLUDING ANOTHER USER\u2019S) USE OF YOUR PERSONAL DATA, NOR FOR InfoPuls\u2019 USE OF A THIRD-PARTY\u2019S PERSONAL DATA THAT YOU MAY PROVIDE. THESE LIMITATIONS SHALL APPLY TO THE FULLEST EXTENT PERMITTED BY LAW. In some jurisdictions, some of the foregoing limitations may not apply.\u00a0<\/p><h3>Links To Other Applications\u00a0<\/h3><p>Our Application may contain links to other applications or websites. A link to a third party's application or website does not mean that we endorse it or that we are affiliated with them. We do not exercise control over third-party applications or websites. You access such third-party applications or content at your own risk. You should always read the privacy policy of a third-party application before providing any information to the application.\u00a0<\/p><h3>Changes to this Privacy Policy\u00a0<\/h3><p>InfoPuls may change the Privacy Policy from time to time. We will inform you by posting the revised Privacy Policy on the Application. Please check our Privacy Policy periodically for changes. We will post the date the Privacy Policy was last updated at the top of the Privacy Policy. The changes will go into effect on the \u201cLast Updated\u201d date shown in the revised Privacy Policy. By continuing to use the Application, you consent to the revised Privacy Policy.\u00a0<\/p><h3>Contact Us<\/h3><p>If you have any questions about this Privacy Policy, please feel free to <a href=\"https:\/\/infopuls.net\/en\/kontakt\/\">contact us<\/a>.<\/p>\t\t\t\t\t\t<\/div>\n\t\t\t\t<\/div>\n\t\t\t\t\t<\/div>\n\t\t\t\t<\/div>\n\t\t\t\t<\/div>","protected":false},"excerpt":{"rendered":"<p>Politika privatnosti InfoPuls (\u201cInfoPuls\u201d, \u201cMi\u201d, \u201cNas\u201d, \u201cNa\u0161\u201d) i bilo koja mati\u010dna, podru\u017enica ili povezana firma InfoPulsa prepoznaju zna\u010daj privatnosti. InfoPuls \u0107e upravljati va\u0161im li\u010dnim podacima prikupljenim putem InfoPuls web stranica (www.infopuls.net) i mobilne aplikacije InfoPuls (zajedno \u201cAplikacija\u201d) na osnovu uvjerenja InfoPulsa o po\u0161tovanju pojedinca i u skladu s ovom Politikom<span class=\"excerpt-hellip\"> [\u2026]<\/span><\/p>","protected":false},"author":1,"featured_media":0,"parent":0,"menu_order":0,"comment_status":"open","ping_status":"closed","template":"","meta":{"_acf_changed":false,"footnotes":""},"class_list":["post-3","page","type-page","status-publish","hentry"],"acf":[],"yoast_head":"<!-- This site is optimized with the Yoast SEO plugin v24.0 - https:\/\/yoast.com\/wordpress\/plugins\/seo\/ -->\n<title>Politika privatnosti | InfoPuls Modern Software Apps<\/title>\n<meta name=\"description\" content=\"Infoplus je kompanija - pionir u podru\u010dju totalnih web rje\u0161enja koja online poslovanje \u010dini jednostavnim i strate\u0161ki orijentisanim.\" \/>\n<meta name=\"robots\" content=\"noindex, nofollow\" \/>\n<meta property=\"og:locale\" content=\"en_US\" \/>\n<meta property=\"og:type\" content=\"article\" \/>\n<meta property=\"og:title\" content=\"Politika privatnosti | InfoPuls Modern Software Apps\" \/>\n<meta property=\"og:description\" content=\"Infoplus je kompanija - pionir u podru\u010dju totalnih web rje\u0161enja koja online poslovanje \u010dini jednostavnim i strate\u0161ki orijentisanim.\" \/>\n<meta property=\"og:url\" content=\"https:\/\/infopuls.net\/en\/politika-privatnosti\/\" \/>\n<meta property=\"og:site_name\" content=\"InfoPuls\" \/>\n<meta property=\"article:publisher\" content=\"https:\/\/www.facebook.com\/Infopulsbl\/\" \/>\n<meta property=\"article:modified_time\" content=\"2024-12-10T09:08:09+00:00\" \/>\n<meta name=\"twitter:card\" content=\"summary_large_image\" \/>\n<meta name=\"twitter:label1\" content=\"Est. reading time\" \/>\n\t<meta name=\"twitter:data1\" content=\"9 minutes\" \/>\n<script type=\"application\/ld+json\" class=\"yoast-schema-graph\">{\"@context\":\"https:\/\/schema.org\",\"@graph\":[{\"@type\":\"WebPage\",\"@id\":\"https:\/\/infopuls.net\/politika-privatnosti\/\",\"url\":\"https:\/\/infopuls.net\/politika-privatnosti\/\",\"name\":\"Politika privatnosti | InfoPuls Modern Software Apps\",\"isPartOf\":{\"@id\":\"https:\/\/infopuls.net\/#website\"},\"datePublished\":\"2020-11-01T12:52:46+00:00\",\"dateModified\":\"2024-12-10T09:08:09+00:00\",\"description\":\"Infoplus je kompanija - pionir u podru\u010dju totalnih web rje\u0161enja koja online poslovanje \u010dini jednostavnim i strate\u0161ki orijentisanim.\",\"inLanguage\":\"en-US\",\"potentialAction\":[{\"@type\":\"ReadAction\",\"target\":[\"https:\/\/infopuls.net\/politika-privatnosti\/\"]}]},{\"@type\":\"WebSite\",\"@id\":\"https:\/\/infopuls.net\/#website\",\"url\":\"https:\/\/infopuls.net\/\",\"name\":\"InfoPuls\",\"description\":\"Modern Software Apps\",\"publisher\":{\"@id\":\"https:\/\/infopuls.net\/#organization\"},\"potentialAction\":[{\"@type\":\"SearchAction\",\"target\":{\"@type\":\"EntryPoint\",\"urlTemplate\":\"https:\/\/infopuls.net\/?s={search_term_string}\"},\"query-input\":{\"@type\":\"PropertyValueSpecification\",\"valueRequired\":true,\"valueName\":\"search_term_string\"}}],\"inLanguage\":\"en-US\"},{\"@type\":\"Organization\",\"@id\":\"https:\/\/infopuls.net\/#organization\",\"name\":\"InfoPuls\",\"alternateName\":\"InfoPuls\",\"url\":\"https:\/\/infopuls.net\/\",\"logo\":{\"@type\":\"ImageObject\",\"inLanguage\":\"en-US\",\"@id\":\"https:\/\/infopuls.net\/#\/schema\/logo\/image\/\",\"url\":\"https:\/\/infopuls.net\/wp-content\/uploads\/2024\/04\/InfoPuls.svg\",\"contentUrl\":\"https:\/\/infopuls.net\/wp-content\/uploads\/2024\/04\/InfoPuls.svg\",\"width\":100,\"height\":100,\"caption\":\"InfoPuls\"},\"image\":{\"@id\":\"https:\/\/infopuls.net\/#\/schema\/logo\/image\/\"},\"sameAs\":[\"https:\/\/www.facebook.com\/Infopulsbl\/\"]}]}<\/script>\n<!-- \/ Yoast SEO plugin. -->","yoast_head_json":{"title":"Politika privatnosti | InfoPuls Modern Software Apps","description":"Infoplus je kompanija - pionir u podru\u010dju totalnih web rje\u0161enja koja online poslovanje \u010dini jednostavnim i strate\u0161ki orijentisanim.","robots":{"index":"noindex","follow":"nofollow"},"og_locale":"en_US","og_type":"article","og_title":"Politika privatnosti | InfoPuls Modern Software Apps","og_description":"Infoplus je kompanija - pionir u podru\u010dju totalnih web rje\u0161enja koja online poslovanje \u010dini jednostavnim i strate\u0161ki orijentisanim.","og_url":"https:\/\/infopuls.net\/en\/politika-privatnosti\/","og_site_name":"InfoPuls","article_publisher":"https:\/\/www.facebook.com\/Infopulsbl\/","article_modified_time":"2024-12-10T09:08:09+00:00","twitter_card":"summary_large_image","twitter_misc":{"Est. reading time":"9 minutes"},"schema":{"@context":"https:\/\/schema.org","@graph":[{"@type":"WebPage","@id":"https:\/\/infopuls.net\/politika-privatnosti\/","url":"https:\/\/infopuls.net\/politika-privatnosti\/","name":"Politika privatnosti | InfoPuls Modern Software Apps","isPartOf":{"@id":"https:\/\/infopuls.net\/#website"},"datePublished":"2020-11-01T12:52:46+00:00","dateModified":"2024-12-10T09:08:09+00:00","description":"Infoplus je kompanija - pionir u podru\u010dju totalnih web rje\u0161enja koja online poslovanje \u010dini jednostavnim i strate\u0161ki orijentisanim.","inLanguage":"en-US","potentialAction":[{"@type":"ReadAction","target":["https:\/\/infopuls.net\/politika-privatnosti\/"]}]},{"@type":"WebSite","@id":"https:\/\/infopuls.net\/#website","url":"https:\/\/infopuls.net\/","name":"InfoPuls","description":"Modern Software Apps","publisher":{"@id":"https:\/\/infopuls.net\/#organization"},"potentialAction":[{"@type":"SearchAction","target":{"@type":"EntryPoint","urlTemplate":"https:\/\/infopuls.net\/?s={search_term_string}"},"query-input":{"@type":"PropertyValueSpecification","valueRequired":true,"valueName":"search_term_string"}}],"inLanguage":"en-US"},{"@type":"Organization","@id":"https:\/\/infopuls.net\/#organization","name":"InfoPuls","alternateName":"InfoPuls","url":"https:\/\/infopuls.net\/","logo":{"@type":"ImageObject","inLanguage":"en-US","@id":"https:\/\/infopuls.net\/#\/schema\/logo\/image\/","url":"https:\/\/infopuls.net\/wp-content\/uploads\/2024\/04\/InfoPuls.svg","contentUrl":"https:\/\/infopuls.net\/wp-content\/uploads\/2024\/04\/InfoPuls.svg","width":100,"height":100,"caption":"InfoPuls"},"image":{"@id":"https:\/\/infopuls.net\/#\/schema\/logo\/image\/"},"sameAs":["https:\/\/www.facebook.com\/Infopulsbl\/"]}]}},"_links":{"self":[{"href":"https:\/\/infopuls.net\/en\/wp-json\/wp\/v2\/pages\/3","targetHints":{"allow":["GET"]}}],"collection":[{"href":"https:\/\/infopuls.net\/en\/wp-json\/wp\/v2\/pages"}],"about":[{"href":"https:\/\/infopuls.net\/en\/wp-json\/wp\/v2\/types\/page"}],"author":[{"embeddable":true,"href":"https:\/\/infopuls.net\/en\/wp-json\/wp\/v2\/users\/1"}],"replies":[{"embeddable":true,"href":"https:\/\/infopuls.net\/en\/wp-json\/wp\/v2\/comments?post=3"}],"version-history":[{"count":28,"href":"https:\/\/infopuls.net\/en\/wp-json\/wp\/v2\/pages\/3\/revisions"}],"predecessor-version":[{"id":5076,"href":"https:\/\/infopuls.net\/en\/wp-json\/wp\/v2\/pages\/3\/revisions\/5076"}],"wp:attachment":[{"href":"https:\/\/infopuls.net\/en\/wp-json\/wp\/v2\/media?parent=3"}],"curies":[{"name":"wp","href":"https:\/\/api.w.org\/{rel}","templated":true}]}}