{"id":14,"date":"2020-09-07T13:34:21","date_gmt":"2020-09-07T13:34:21","guid":{"rendered":"https:\/\/themes.muffingroup.com\/be\/agency5\/?page_id=14"},"modified":"2025-05-27T06:01:37","modified_gmt":"2025-05-27T06:01:37","slug":"kontakt","status":"publish","type":"page","link":"https:\/\/infopuls.net\/en\/kontakt\/","title":{"rendered":"Contact"},"content":{"rendered":"<div data-elementor-type=\"wp-page\" data-elementor-id=\"14\" class=\"elementor elementor-14\" data-elementor-post-type=\"page\">\n\t\t\t\t\t\t<section class=\"elementor-section elementor-top-section elementor-element elementor-element-deb9c93 elementor-section-stretched elementor-section-content-middle elementor-section-boxed elementor-section-height-default elementor-section-height-default\" data-id=\"deb9c93\" data-element_type=\"section\" data-settings=\"{&quot;stretch_section&quot;:&quot;section-stretched&quot;,&quot;background_background&quot;:&quot;classic&quot;}\">\n\t\t\t\t\t\t\t<div class=\"elementor-background-overlay\"><\/div>\n\t\t\t\t\t\t\t<div class=\"elementor-container elementor-column-gap-wider\">\n\t\t\t\t\t<div class=\"elementor-column elementor-col-50 elementor-top-column elementor-element elementor-element-1f909e5\" data-id=\"1f909e5\" data-element_type=\"column\" data-settings=\"{&quot;background_background&quot;:&quot;classic&quot;}\">\n\t\t\t<div class=\"elementor-widget-wrap elementor-element-populated\">\n\t\t\t\t\t\t<div class=\"elementor-element elementor-element-16008f7 elementor-widget elementor-widget-text-editor\" data-id=\"16008f7\" data-element_type=\"widget\" data-widget_type=\"text-editor.default\">\n\t\t\t\t<div class=\"elementor-widget-container\">\n\t\t\t\t\t\t\t<h1>Contact<\/h1>\t\t\t\t\t\t<\/div>\n\t\t\t\t<\/div>\n\t\t\t\t<div class=\"elementor-element elementor-element-edcdfa0 elementor-widget elementor-widget-image\" data-id=\"edcdfa0\" data-element_type=\"widget\" data-widget_type=\"image.default\">\n\t\t\t\t<div class=\"elementor-widget-container\">\n\t\t\t\t\t\t\t\t\t\t\t\t\t<img fetchpriority=\"high\" decoding=\"async\" width=\"780\" height=\"627\" src=\"https:\/\/infopuls.net\/wp-content\/uploads\/2020\/09\/agency5-contact-pic1.png\" class=\"attachment-large size-large wp-image-60\" alt=\"\" srcset=\"https:\/\/infopuls.net\/wp-content\/uploads\/2020\/09\/agency5-contact-pic1.png 780w, https:\/\/infopuls.net\/wp-content\/uploads\/2020\/09\/agency5-contact-pic1-500x402.png 500w, https:\/\/infopuls.net\/wp-content\/uploads\/2020\/09\/agency5-contact-pic1-300x241.png 300w, https:\/\/infopuls.net\/wp-content\/uploads\/2020\/09\/agency5-contact-pic1-768x617.png 768w, https:\/\/infopuls.net\/wp-content\/uploads\/2020\/09\/agency5-contact-pic1-93x75.png 93w, https:\/\/infopuls.net\/wp-content\/uploads\/2020\/09\/agency5-contact-pic1-480x386.png 480w\" sizes=\"(max-width:767px) 480px, (max-width:780px) 100vw, 780px\" \/>\t\t\t\t\t\t\t\t\t\t\t\t\t<\/div>\n\t\t\t\t<\/div>\n\t\t\t\t<div class=\"elementor-element elementor-element-0cc0e7a elementor-icon-list--layout-traditional elementor-list-item-link-full_width elementor-widget elementor-widget-icon-list\" data-id=\"0cc0e7a\" data-element_type=\"widget\" data-widget_type=\"icon-list.default\">\n\t\t\t\t<div class=\"elementor-widget-container\">\n\t\t\t\t\t<ul class=\"elementor-icon-list-items\">\n\t\t\t\t\t\t\t<li class=\"elementor-icon-list-item\">\n\t\t\t\t\t\t\t\t\t\t\t<a href=\"https:\/\/www.google.com\/maps\/place\/Bulevar+srpske+vojske+25,+Banja+Luka+78000\/@44.7829753,17.2031701,17z\/data=!3m1!4b1!4m6!3m5!1s0x475e0309a2fd2daf:0x5998d053e2d31d60!8m2!3d44.7829715!4d17.205745!16s%2Fg%2F11v0xrlplp?entry=ttu&#038;g_ep=EgoyMDI1MDEyMi4wIKXMDSoASAFQAw%3D%3D\">\n\n\t\t\t\t\t\t\t\t\t\t\t\t<span class=\"elementor-icon-list-icon\">\n\t\t\t\t\t\t\t<svg aria-hidden=\"true\" class=\"e-font-icon-svg e-fas-map-pin\" viewbox=\"0 0 288 512\" xmlns=\"http:\/\/www.w3.org\/2000\/svg\"><path d=\"M112 316.94v156.69l22.02 33.02c4.75 7.12 15.22 7.12 19.97 0L176 473.63V316.94c-10.39 1.92-21.06 3.06-32 3.06s-21.61-1.14-32-3.06zM144 0C64.47 0 0 64.47 0 144s64.47 144 144 144 144-64.47 144-144S223.53 0 144 0zm0 76c-37.5 0-68 30.5-68 68 0 6.62-5.38 12-12 12s-12-5.38-12-12c0-50.73 41.28-92 92-92 6.62 0 12 5.38 12 12s-5.38 12-12 12z\"><\/path><\/svg>\t\t\t\t\t\t<\/span>\n\t\t\t\t\t\t\t\t\t\t<span class=\"elementor-icon-list-text\">Bulevar srpske vojske 25, Banjaluka<\/span>\n\t\t\t\t\t\t\t\t\t\t\t<\/a>\n\t\t\t\t\t\t\t\t\t<\/li>\n\t\t\t\t\t\t\t\t<li class=\"elementor-icon-list-item\">\n\t\t\t\t\t\t\t\t\t\t\t<a href=\"tel:00387644545454\">\n\n\t\t\t\t\t\t\t\t\t\t\t\t<span class=\"elementor-icon-list-icon\">\n\t\t\t\t\t\t\t<svg aria-hidden=\"true\" class=\"e-font-icon-svg e-fas-phone-alt\" viewbox=\"0 0 512 512\" xmlns=\"http:\/\/www.w3.org\/2000\/svg\"><path d=\"M497.39 361.8l-112-48a24 24 0 0 0-28 6.9l-49.6 60.6A370.66 370.66 0 0 1 130.6 204.11l60.6-49.6a23.94 23.94 0 0 0 6.9-28l-48-112A24.16 24.16 0 0 0 122.6.61l-104 24A24 24 0 0 0 0 48c0 256.5 207.9 464 464 464a24 24 0 0 0 23.4-18.6l24-104a24.29 24.29 0 0 0-14.01-27.6z\"><\/path><\/svg>\t\t\t\t\t\t<\/span>\n\t\t\t\t\t\t\t\t\t\t<span class=\"elementor-icon-list-text\">+387 64 4545454<\/span>\n\t\t\t\t\t\t\t\t\t\t\t<\/a>\n\t\t\t\t\t\t\t\t\t<\/li>\n\t\t\t\t\t\t\t\t<li class=\"elementor-icon-list-item\">\n\t\t\t\t\t\t\t\t\t\t\t<a href=\"mailto:contact@infopuls.net\">\n\n\t\t\t\t\t\t\t\t\t\t\t\t<span class=\"elementor-icon-list-icon\">\n\t\t\t\t\t\t\t<svg aria-hidden=\"true\" class=\"e-font-icon-svg e-fas-envelope-open\" viewbox=\"0 0 512 512\" xmlns=\"http:\/\/www.w3.org\/2000\/svg\"><path d=\"M512 464c0 26.51-21.49 48-48 48H48c-26.51 0-48-21.49-48-48V200.724a48 48 0 0 1 18.387-37.776c24.913-19.529 45.501-35.365 164.2-121.511C199.412 29.17 232.797-.347 256 .003c23.198-.354 56.596 29.172 73.413 41.433 118.687 86.137 139.303 101.995 164.2 121.512A48 48 0 0 1 512 200.724V464zm-65.666-196.605c-2.563-3.728-7.7-4.595-11.339-1.907-22.845 16.873-55.462 40.705-105.582 77.079-16.825 12.266-50.21 41.781-73.413 41.43-23.211.344-56.559-29.143-73.413-41.43-50.114-36.37-82.734-60.204-105.582-77.079-3.639-2.688-8.776-1.821-11.339 1.907l-9.072 13.196a7.998 7.998 0 0 0 1.839 10.967c22.887 16.899 55.454 40.69 105.303 76.868 20.274 14.781 56.524 47.813 92.264 47.573 35.724.242 71.961-32.771 92.263-47.573 49.85-36.179 82.418-59.97 105.303-76.868a7.998 7.998 0 0 0 1.839-10.967l-9.071-13.196z\"><\/path><\/svg>\t\t\t\t\t\t<\/span>\n\t\t\t\t\t\t\t\t\t\t<span class=\"elementor-icon-list-text\">contact@infopuls.net<\/span>\n\t\t\t\t\t\t\t\t\t\t\t<\/a>\n\t\t\t\t\t\t\t\t\t<\/li>\n\t\t\t\t\t\t<\/ul>\n\t\t\t\t<\/div>\n\t\t\t\t<\/div>\n\t\t\t\t\t<\/div>\n\t\t<\/div>\n\t\t\t\t<div class=\"elementor-column elementor-col-50 elementor-top-column elementor-element elementor-element-ef146c5\" data-id=\"ef146c5\" data-element_type=\"column\">\n\t\t\t<div class=\"elementor-widget-wrap elementor-element-populated\">\n\t\t\t\t\t\t<div class=\"elementor-element elementor-element-ac9b63f elementor-widget elementor-widget-text-editor\" data-id=\"ac9b63f\" data-element_type=\"widget\" data-widget_type=\"text-editor.default\">\n\t\t\t\t<div class=\"elementor-widget-container\">\n\t\t\t\t\t\t\t<p style=\"font-size: 23px; color: #5a5a5a;\">If you have any questions, need more information or want to get an offer, please contact us through the contact form.\nWe will gladly reply as soon as possible.<\/p>\t\t\t\t\t\t<\/div>\n\t\t\t\t<\/div>\n\t\t\t\t<div class=\"elementor-element elementor-element-691d552 elementor-widget elementor-widget-shortcode\" data-id=\"691d552\" data-element_type=\"widget\" data-widget_type=\"shortcode.default\">\n\t\t\t\t<div class=\"elementor-widget-container\">\n\t\t\t\t\t<div class=\"elementor-shortcode\">\n<div class=\"wpcf7 no-js\" id=\"wpcf7-f63-o1\" lang=\"en-US\" dir=\"ltr\" data-wpcf7-id=\"63\">\n<div class=\"screen-reader-response\"><p role=\"status\" aria-live=\"polite\" aria-atomic=\"true\"><\/p> <ul><\/ul><\/div>\n<form action=\"\/wp-json\/wp\/v2\/pages\/14\" method=\"post\" class=\"wpcf7-form init\" aria-label=\"Contact form\" novalidate=\"novalidate\" data-status=\"init\" data-trp-original-action=\"\/en\/wp-json\/wp\/v2\/pages\/14#wpcf7-f63-o1\">\n<div style=\"display: none;\">\n<input type=\"hidden\" name=\"_wpcf7\" value=\"63\" \/>\n<input type=\"hidden\" name=\"_wpcf7_version\" value=\"6.0.6\" \/>\n<input type=\"hidden\" name=\"_wpcf7_locale\" value=\"en_US\" \/>\n<input type=\"hidden\" name=\"_wpcf7_unit_tag\" value=\"wpcf7-f63-o1\" \/>\n<input type=\"hidden\" name=\"_wpcf7_container_post\" value=\"0\" \/>\n<input type=\"hidden\" name=\"_wpcf7_posted_data_hash\" value=\"\" \/>\n<input type=\"hidden\" name=\"_wpcf7_recaptcha_response\" value=\"\" \/>\n<\/div>\n<div class=\"column one\">\n\t<p><span class=\"wpcf7-form-control-wrap\" data-name=\"your-name\"><input size=\"40\" maxlength=\"400\" class=\"wpcf7-form-control wpcf7-text wpcf7-validates-as-required\" aria-required=\"true\" aria-invalid=\"false\" placeholder=\"Name\" value=\"\" type=\"text\" name=\"your-name\" \/><\/span>\n\t<\/p>\n<\/div>\n<div class=\"column one\">\n\t<p><span class=\"wpcf7-form-control-wrap\" data-name=\"your-email\"><input size=\"40\" maxlength=\"400\" class=\"wpcf7-form-control wpcf7-email wpcf7-validates-as-required wpcf7-text wpcf7-validates-as-email\" aria-required=\"true\" aria-invalid=\"false\" placeholder=\"E-mail\" value=\"\" type=\"email\" name=\"your-email\" \/><\/span>\n\t<\/p>\n<\/div>\n<div class=\"column one\">\n\t<p><span class=\"wpcf7-form-control-wrap\" data-name=\"your-subject\"><input size=\"40\" maxlength=\"400\" class=\"wpcf7-form-control wpcf7-text wpcf7-validates-as-required\" aria-required=\"true\" aria-invalid=\"false\" placeholder=\"Service\" value=\"\" type=\"text\" name=\"your-subject\" \/><\/span>\n\t<\/p>\n<\/div>\n<div class=\"column one\">\n\t<p><span class=\"wpcf7-form-control-wrap\" data-name=\"your-message\"><textarea cols=\"40\" rows=\"14\" maxlength=\"2000\" class=\"wpcf7-form-control wpcf7-textarea\" aria-invalid=\"false\" placeholder=\"Message\" name=\"your-message\"><\/textarea><\/span>\n\t<\/p>\n<\/div>\n<div class=\"column one\">\n<span class=\"wpcf7-form-control-wrap recaptcha\" data-name=\"recaptcha\"><span data-sitekey=\"6LeZ_UwrAAAAAFzFMqXAGLdu1G9hAGIPyGz_gBkn\" class=\"wpcf7-form-control wpcf7-recaptcha g-recaptcha\"><\/span>\r\n<noscript>\r\n\t<div class=\"grecaptcha-noscript\">\r\n\t\t<iframe src=\"https:\/\/www.google.com\/recaptcha\/api\/fallback?k=6LeZ_UwrAAAAAFzFMqXAGLdu1G9hAGIPyGz_gBkn\" frameborder=\"0\" scrolling=\"no\" width=\"310\" height=\"430\">\r\n\t\t<\/iframe>\r\n\t\t<textarea name=\"g-recaptcha-response\" rows=\"3\" cols=\"40\" placeholder=\"reCaptcha Response Here\">\r\n\t\t<\/textarea>\r\n\t<\/div>\r\n<\/noscript>\r\n<\/span>\n<\/div>\n<div class=\"column one\">\n\t<p><input class=\"wpcf7-form-control wpcf7-submit has-spinner\" type=\"submit\" value=\"Send a message\" \/>\n\t<\/p>\n<\/div>\n<p><span id=\"wpcf7-69df23ebae3b7-wrapper\" class=\"wpcf7-form-control-wrap honeypot-4-wrap\" style=\"display:none !important; visibility:hidden !important;\"><input type=\"hidden\" name=\"honeypot-4-time-start\" value=\"1776231403\"><input type=\"hidden\" name=\"honeypot-4-time-check\" value=\"4\"><label for=\"wpcf7-69df23ebae3b7-field\" class=\"hp-message\">Please leave this field empty.<\/label><input id=\"wpcf7-69df23ebae3b7-field\"  class=\"wpcf7-form-control wpcf7-text\" type=\"text\" name=\"honeypot-4\" value=\"\" size=\"40\" tabindex=\"-1\" autocomplete=\"new-password\" \/><\/span>\n<\/p><div class=\"wpcf7-response-output\" aria-hidden=\"true\"><\/div>\n<input type=\"hidden\" name=\"trp-form-language\" value=\"en\"\/><\/form>\n<\/div>\n<\/div>\n\t\t\t\t<\/div>\n\t\t\t\t<\/div>\n\t\t\t\t\t<\/div>\n\t\t<\/div>\n\t\t\t\t\t<\/div>\n\t\t<\/section>\n\t\t\t\t<\/div>","protected":false},"excerpt":{"rendered":"<p>Kontakt Bulevar srpske vojske 25, Banjaluka +387 64 4545454 contact@infopuls.net Ukoliko imate pitanja, trebate dodatne informacije ili \u017eelite ponudu, obratite nam se putem kontakt obrasca. Sa zadovoljstvom odgovaramo u najkra\u0107em mogu\u0107em roku.<\/p>","protected":false},"author":1,"featured_media":0,"parent":0,"menu_order":0,"comment_status":"open","ping_status":"closed","template":"","meta":{"_acf_changed":false,"footnotes":""},"class_list":["post-14","page","type-page","status-publish","hentry"],"acf":[],"yoast_head":"<!-- This site is optimized with the Yoast SEO plugin v24.0 - https:\/\/yoast.com\/wordpress\/plugins\/seo\/ -->\n<title>Kontakt | InfoPuls Modern Software Apps<\/title>\n<meta name=\"description\" content=\"Stupite u kontakt s InfoPuls timom za sva pitanja i podr\u0161ku vezano za na\u0161e moderne softverske aplikacije i totalna web rje\u0161enja.\" \/>\n<meta name=\"robots\" content=\"index, follow, max-snippet:-1, max-image-preview:large, max-video-preview:-1\" \/>\n<link rel=\"canonical\" href=\"https:\/\/infopuls.net\/en\/kontakt\/\" \/>\n<meta property=\"og:locale\" content=\"en_US\" \/>\n<meta property=\"og:type\" content=\"article\" \/>\n<meta property=\"og:title\" content=\"Kontakt | InfoPuls Modern Software Apps\" \/>\n<meta property=\"og:description\" content=\"Stupite u kontakt s InfoPuls timom za sva pitanja i podr\u0161ku vezano za na\u0161e moderne softverske aplikacije i totalna web rje\u0161enja.\" \/>\n<meta property=\"og:url\" content=\"https:\/\/infopuls.net\/en\/kontakt\/\" \/>\n<meta property=\"og:site_name\" content=\"InfoPuls\" \/>\n<meta property=\"article:publisher\" content=\"https:\/\/www.facebook.com\/Infopulsbl\/\" \/>\n<meta property=\"article:modified_time\" content=\"2025-05-27T06:01:37+00:00\" \/>\n<meta name=\"twitter:card\" content=\"summary_large_image\" \/>\n<meta name=\"twitter:image\" content=\"https:\/\/infopuls.net\/wp-content\/uploads\/2020\/09\/agency5-contact-pic1.png\" \/>\n<meta name=\"twitter:label1\" content=\"Est. reading time\" \/>\n\t<meta name=\"twitter:data1\" content=\"1 minute\" \/>\n<script type=\"application\/ld+json\" class=\"yoast-schema-graph\">{\"@context\":\"https:\/\/schema.org\",\"@graph\":[{\"@type\":\"WebPage\",\"@id\":\"https:\/\/infopuls.net\/kontakt\/\",\"url\":\"https:\/\/infopuls.net\/kontakt\/\",\"name\":\"Kontakt | InfoPuls Modern Software Apps\",\"isPartOf\":{\"@id\":\"https:\/\/infopuls.net\/#website\"},\"primaryImageOfPage\":{\"@id\":\"https:\/\/infopuls.net\/kontakt\/#primaryimage\"},\"image\":{\"@id\":\"https:\/\/infopuls.net\/kontakt\/#primaryimage\"},\"thumbnailUrl\":\"https:\/\/infopuls.net\/wp-content\/uploads\/2020\/09\/agency5-contact-pic1.png\",\"datePublished\":\"2020-09-07T13:34:21+00:00\",\"dateModified\":\"2025-05-27T06:01:37+00:00\",\"description\":\"Stupite u kontakt s InfoPuls timom za sva pitanja i podr\u0161ku vezano za na\u0161e moderne softverske aplikacije i totalna web rje\u0161enja.\",\"inLanguage\":\"en-US\",\"potentialAction\":[{\"@type\":\"ReadAction\",\"target\":[\"https:\/\/infopuls.net\/kontakt\/\"]}]},{\"@type\":\"ImageObject\",\"inLanguage\":\"en-US\",\"@id\":\"https:\/\/infopuls.net\/kontakt\/#primaryimage\",\"url\":\"https:\/\/infopuls.net\/wp-content\/uploads\/2020\/09\/agency5-contact-pic1.png\",\"contentUrl\":\"https:\/\/infopuls.net\/wp-content\/uploads\/2020\/09\/agency5-contact-pic1.png\"},{\"@type\":\"WebSite\",\"@id\":\"https:\/\/infopuls.net\/#website\",\"url\":\"https:\/\/infopuls.net\/\",\"name\":\"InfoPuls\",\"description\":\"Modern Software Apps\",\"publisher\":{\"@id\":\"https:\/\/infopuls.net\/#organization\"},\"potentialAction\":[{\"@type\":\"SearchAction\",\"target\":{\"@type\":\"EntryPoint\",\"urlTemplate\":\"https:\/\/infopuls.net\/?s={search_term_string}\"},\"query-input\":{\"@type\":\"PropertyValueSpecification\",\"valueRequired\":true,\"valueName\":\"search_term_string\"}}],\"inLanguage\":\"en-US\"},{\"@type\":\"Organization\",\"@id\":\"https:\/\/infopuls.net\/#organization\",\"name\":\"InfoPuls\",\"alternateName\":\"InfoPuls\",\"url\":\"https:\/\/infopuls.net\/\",\"logo\":{\"@type\":\"ImageObject\",\"inLanguage\":\"en-US\",\"@id\":\"https:\/\/infopuls.net\/#\/schema\/logo\/image\/\",\"url\":\"https:\/\/infopuls.net\/wp-content\/uploads\/2024\/04\/InfoPuls.svg\",\"contentUrl\":\"https:\/\/infopuls.net\/wp-content\/uploads\/2024\/04\/InfoPuls.svg\",\"width\":100,\"height\":100,\"caption\":\"InfoPuls\"},\"image\":{\"@id\":\"https:\/\/infopuls.net\/#\/schema\/logo\/image\/\"},\"sameAs\":[\"https:\/\/www.facebook.com\/Infopulsbl\/\"]}]}<\/script>\n<!-- \/ Yoast SEO plugin. -->","yoast_head_json":{"title":"Kontakt | InfoPuls Modern Software Apps","description":"Stupite u kontakt s InfoPuls timom za sva pitanja i podr\u0161ku vezano za na\u0161e moderne softverske aplikacije i totalna web rje\u0161enja.","robots":{"index":"index","follow":"follow","max-snippet":"max-snippet:-1","max-image-preview":"max-image-preview:large","max-video-preview":"max-video-preview:-1"},"canonical":"https:\/\/infopuls.net\/en\/kontakt\/","og_locale":"en_US","og_type":"article","og_title":"Kontakt | InfoPuls Modern Software Apps","og_description":"Stupite u kontakt s InfoPuls timom za sva pitanja i podr\u0161ku vezano za na\u0161e moderne softverske aplikacije i totalna web rje\u0161enja.","og_url":"https:\/\/infopuls.net\/en\/kontakt\/","og_site_name":"InfoPuls","article_publisher":"https:\/\/www.facebook.com\/Infopulsbl\/","article_modified_time":"2025-05-27T06:01:37+00:00","twitter_card":"summary_large_image","twitter_image":"https:\/\/infopuls.net\/wp-content\/uploads\/2020\/09\/agency5-contact-pic1.png","twitter_misc":{"Est. reading time":"1 minute"},"schema":{"@context":"https:\/\/schema.org","@graph":[{"@type":"WebPage","@id":"https:\/\/infopuls.net\/kontakt\/","url":"https:\/\/infopuls.net\/kontakt\/","name":"Kontakt | InfoPuls Modern Software Apps","isPartOf":{"@id":"https:\/\/infopuls.net\/#website"},"primaryImageOfPage":{"@id":"https:\/\/infopuls.net\/kontakt\/#primaryimage"},"image":{"@id":"https:\/\/infopuls.net\/kontakt\/#primaryimage"},"thumbnailUrl":"https:\/\/infopuls.net\/wp-content\/uploads\/2020\/09\/agency5-contact-pic1.png","datePublished":"2020-09-07T13:34:21+00:00","dateModified":"2025-05-27T06:01:37+00:00","description":"Stupite u kontakt s InfoPuls timom za sva pitanja i podr\u0161ku vezano za na\u0161e moderne softverske aplikacije i totalna web rje\u0161enja.","inLanguage":"en-US","potentialAction":[{"@type":"ReadAction","target":["https:\/\/infopuls.net\/kontakt\/"]}]},{"@type":"ImageObject","inLanguage":"en-US","@id":"https:\/\/infopuls.net\/kontakt\/#primaryimage","url":"https:\/\/infopuls.net\/wp-content\/uploads\/2020\/09\/agency5-contact-pic1.png","contentUrl":"https:\/\/infopuls.net\/wp-content\/uploads\/2020\/09\/agency5-contact-pic1.png"},{"@type":"WebSite","@id":"https:\/\/infopuls.net\/#website","url":"https:\/\/infopuls.net\/","name":"InfoPuls","description":"Modern Software Apps","publisher":{"@id":"https:\/\/infopuls.net\/#organization"},"potentialAction":[{"@type":"SearchAction","target":{"@type":"EntryPoint","urlTemplate":"https:\/\/infopuls.net\/?s={search_term_string}"},"query-input":{"@type":"PropertyValueSpecification","valueRequired":true,"valueName":"search_term_string"}}],"inLanguage":"en-US"},{"@type":"Organization","@id":"https:\/\/infopuls.net\/#organization","name":"InfoPuls","alternateName":"InfoPuls","url":"https:\/\/infopuls.net\/","logo":{"@type":"ImageObject","inLanguage":"en-US","@id":"https:\/\/infopuls.net\/#\/schema\/logo\/image\/","url":"https:\/\/infopuls.net\/wp-content\/uploads\/2024\/04\/InfoPuls.svg","contentUrl":"https:\/\/infopuls.net\/wp-content\/uploads\/2024\/04\/InfoPuls.svg","width":100,"height":100,"caption":"InfoPuls"},"image":{"@id":"https:\/\/infopuls.net\/#\/schema\/logo\/image\/"},"sameAs":["https:\/\/www.facebook.com\/Infopulsbl\/"]}]}},"_links":{"self":[{"href":"https:\/\/infopuls.net\/en\/wp-json\/wp\/v2\/pages\/14","targetHints":{"allow":["GET"]}}],"collection":[{"href":"https:\/\/infopuls.net\/en\/wp-json\/wp\/v2\/pages"}],"about":[{"href":"https:\/\/infopuls.net\/en\/wp-json\/wp\/v2\/types\/page"}],"author":[{"embeddable":true,"href":"https:\/\/infopuls.net\/en\/wp-json\/wp\/v2\/users\/1"}],"replies":[{"embeddable":true,"href":"https:\/\/infopuls.net\/en\/wp-json\/wp\/v2\/comments?post=14"}],"version-history":[{"count":100,"href":"https:\/\/infopuls.net\/en\/wp-json\/wp\/v2\/pages\/14\/revisions"}],"predecessor-version":[{"id":5326,"href":"https:\/\/infopuls.net\/en\/wp-json\/wp\/v2\/pages\/14\/revisions\/5326"}],"wp:attachment":[{"href":"https:\/\/infopuls.net\/en\/wp-json\/wp\/v2\/media?parent=14"}],"curies":[{"name":"wp","href":"https:\/\/api.w.org\/{rel}","templated":true}]}}